{"id":28,"date":"2019-10-22T13:14:21","date_gmt":"2019-10-22T16:14:21","guid":{"rendered":"https:\/\/cecane.ufc.br\/?page_id=28"},"modified":"2019-11-26T19:27:58","modified_gmt":"2019-11-26T22:27:58","slug":"pesquisa","status":"publish","type":"page","link":"https:\/\/cecane.ufc.br\/?page_id=28","title":{"rendered":"Pesquisa"},"content":{"rendered":"\n<figure class=\"wp-block-image is-resized\"><img loading=\"lazy\" src=\"https:\/\/i1.wp.com\/cecane.ufc.br\/wp-content\/uploads\/2019\/11\/Untitled-1.png?resize=592%2C178&#038;ssl=1\" alt=\"\" class=\"wp-image-249\" width=\"592\" height=\"178\" srcset=\"https:\/\/i1.wp.com\/cecane.ufc.br\/wp-content\/uploads\/2019\/11\/Untitled-1.png?w=1000&amp;ssl=1 1000w, https:\/\/i1.wp.com\/cecane.ufc.br\/wp-content\/uploads\/2019\/11\/Untitled-1.png?resize=300%2C90&amp;ssl=1 300w, https:\/\/i1.wp.com\/cecane.ufc.br\/wp-content\/uploads\/2019\/11\/Untitled-1.png?resize=768%2C230&amp;ssl=1 768w\" sizes=\"(max-width: 592px) 100vw, 592px\" data-recalc-dims=\"1\" \/><\/figure>\n\n\n\n<h2 class=\"has-text-align-center\">Pesquisas em Execu\u00e7\u00e3o<\/h2>\n\n\n\n<blockquote class=\"wp-block-quote\"><p>CARACTERIZA\u00c7\u00c3O DA ATUA\u00c7\u00c3O DOS CONSELHOS DE ALIMENTA\u00c7\u00c3O ESCOLAR NO ESTADO DO CEAR\u00c1<\/p><cite>Ano de execu\u00e7\u00e3o: 2019<\/cite><\/blockquote>\n\n\n\n<div class=\"wp-block-media-text alignwide\" style=\"grid-template-columns:22% auto\"><figure class=\"wp-block-media-text__media\"><img loading=\"lazy\" width=\"640\" height=\"267\" src=\"https:\/\/i2.wp.com\/cecane.ufc.br\/wp-content\/uploads\/2019\/11\/logotipo.png?resize=640%2C267&#038;ssl=1\" alt=\"\" class=\"wp-image-247\" srcset=\"https:\/\/i2.wp.com\/cecane.ufc.br\/wp-content\/uploads\/2019\/11\/logotipo.png?w=950&amp;ssl=1 950w, https:\/\/i2.wp.com\/cecane.ufc.br\/wp-content\/uploads\/2019\/11\/logotipo.png?resize=300%2C125&amp;ssl=1 300w, https:\/\/i2.wp.com\/cecane.ufc.br\/wp-content\/uploads\/2019\/11\/logotipo.png?resize=768%2C320&amp;ssl=1 768w\" sizes=\"(max-width: 640px) 100vw, 640px\" data-recalc-dims=\"1\" \/><\/figure><div class=\"wp-block-media-text__content\">\n<p class=\"has-small-font-size\">Publicado e Apresentado no <a href=\"http:\/\/eventos.ufg.br\/SIEC\/portalproec\/sites\/gerar_site.php?ID_SITE=14181\" target=\"_blank\" rel=\"noreferrer noopener\" aria-label=\"IV ENPSSAN (abre numa nova aba)\">IV ENPSSAN<\/a>.<\/p>\n<\/div><\/div>\n\n\n\n<hr class=\"wp-block-separator has-text-color has-background has-very-dark-gray-background-color has-very-dark-gray-color\"\/>\n\n\n\n<blockquote class=\"wp-block-quote\"><p>CONDI\u00c7\u00d5ES HIGI\u00caNICO SANIT\u00c1RIAS DE UNIDADES DE ALIMENTA\u00c7\u00c3O E NUTRI\u00c7\u00c3O DE ESCOLAS P\u00daBLICAS MUNICIPAIS DO CEAR\u00c1<\/p><cite>Ano de execu\u00e7\u00e3o: 2019<\/cite><\/blockquote>\n\n\n\n<div class=\"wp-block-media-text alignwide\" style=\"grid-template-columns:22% auto\"><figure class=\"wp-block-media-text__media\"><img loading=\"lazy\" width=\"640\" height=\"267\" src=\"https:\/\/i2.wp.com\/cecane.ufc.br\/wp-content\/uploads\/2019\/11\/logotipo.png?resize=640%2C267&#038;ssl=1\" alt=\"\" class=\"wp-image-247\" srcset=\"https:\/\/i2.wp.com\/cecane.ufc.br\/wp-content\/uploads\/2019\/11\/logotipo.png?w=950&amp;ssl=1 950w, https:\/\/i2.wp.com\/cecane.ufc.br\/wp-content\/uploads\/2019\/11\/logotipo.png?resize=300%2C125&amp;ssl=1 300w, https:\/\/i2.wp.com\/cecane.ufc.br\/wp-content\/uploads\/2019\/11\/logotipo.png?resize=768%2C320&amp;ssl=1 768w\" sizes=\"(max-width: 640px) 100vw, 640px\" data-recalc-dims=\"1\" \/><\/figure><div class=\"wp-block-media-text__content\">\n<p class=\"has-small-font-size\">Publicado e Apresentado no <a href=\"http:\/\/eventos.ufg.br\/SIEC\/portalproec\/sites\/gerar_site.php?ID_SITE=14181\" target=\"_blank\" rel=\"noreferrer noopener\" aria-label=\"IV ENPSSAN (abre numa nova aba)\">IV ENPSSAN<\/a>.<\/p>\n<\/div><\/div>\n\n\n\n<div style=\"height:100px\" aria-hidden=\"true\" class=\"wp-block-spacer\"><\/div>\n\n\n\n<blockquote class=\"wp-block-quote\"><p>COMPRA DE G\u00caNEROS ALIMENT\u00cdCIOS DA AGRICULTURA FAMILIAR CEARENSE PELO PROGRAMA NACIONAL DE ALIMENTA\u00c7\u00c3O ESCOLAR (PNAE)<\/p><cite>Ano de execu\u00e7\u00e3o: 2019<\/cite><\/blockquote>\n\n\n\n<div class=\"wp-block-media-text alignwide\" style=\"grid-template-columns:24% auto\"><figure class=\"wp-block-media-text__media\"><img loading=\"lazy\" width=\"640\" height=\"266\" src=\"https:\/\/i2.wp.com\/cecane.ufc.br\/wp-content\/uploads\/2019\/11\/logo-sober-transparente.png?resize=640%2C266&#038;ssl=1\" alt=\"\" class=\"wp-image-251\" srcset=\"https:\/\/i2.wp.com\/cecane.ufc.br\/wp-content\/uploads\/2019\/11\/logo-sober-transparente.png?resize=1024%2C426&amp;ssl=1 1024w, https:\/\/i2.wp.com\/cecane.ufc.br\/wp-content\/uploads\/2019\/11\/logo-sober-transparente.png?resize=300%2C125&amp;ssl=1 300w, https:\/\/i2.wp.com\/cecane.ufc.br\/wp-content\/uploads\/2019\/11\/logo-sober-transparente.png?resize=768%2C319&amp;ssl=1 768w, https:\/\/i2.wp.com\/cecane.ufc.br\/wp-content\/uploads\/2019\/11\/logo-sober-transparente.png?w=1200&amp;ssl=1 1200w\" sizes=\"(max-width: 640px) 100vw, 640px\" data-recalc-dims=\"1\" \/><\/figure><div class=\"wp-block-media-text__content\">\n<p class=\"has-small-font-size\">Publicado e Apresentado no <a href=\"http:\/\/sobernordeste.com.br\/\" target=\"_blank\" rel=\"noreferrer noopener\" aria-label=\"XIV SOBER (abre numa nova aba)\">XIV SOBER<\/a>.<\/p>\n<\/div><\/div>\n","protected":false},"excerpt":{"rendered":"<p>Pesquisas em Execu\u00e7\u00e3o CARACTERIZA\u00c7\u00c3O DA ATUA\u00c7\u00c3O DOS CONSELHOS DE ALIMENTA\u00c7\u00c3O ESCOLAR NO ESTADO DO CEAR\u00c1 Ano de execu\u00e7\u00e3o: 2019 Publicado e Apresentado no IV ENPSSAN. CONDI\u00c7\u00d5ES HIGI\u00caNICO SANIT\u00c1RIAS DE UNIDADES DE ALIMENTA\u00c7\u00c3O E NUTRI\u00c7\u00c3O DE ESCOLAS P\u00daBLICAS MUNICIPAIS DO CEAR\u00c1 Ano de execu\u00e7\u00e3o: 2019 Publicado e Apresentado no IV ENPSSAN. COMPRA DE G\u00caNEROS ALIMENT\u00cdCIOS DA<br \/><a class=\"btn btn-theme post-btn\" href=\"https:\/\/cecane.ufc.br\/?page_id=28\">Ler mais<\/a><\/p>\n","protected":false},"author":2,"featured_media":0,"parent":0,"menu_order":0,"comment_status":"closed","ping_status":"closed","template":"","meta":{"spay_email":""},"_links":{"self":[{"href":"https:\/\/cecane.ufc.br\/index.php?rest_route=\/wp\/v2\/pages\/28"}],"collection":[{"href":"https:\/\/cecane.ufc.br\/index.php?rest_route=\/wp\/v2\/pages"}],"about":[{"href":"https:\/\/cecane.ufc.br\/index.php?rest_route=\/wp\/v2\/types\/page"}],"author":[{"embeddable":true,"href":"https:\/\/cecane.ufc.br\/index.php?rest_route=\/wp\/v2\/users\/2"}],"replies":[{"embeddable":true,"href":"https:\/\/cecane.ufc.br\/index.php?rest_route=%2Fwp%2Fv2%2Fcomments&post=28"}],"version-history":[{"count":15,"href":"https:\/\/cecane.ufc.br\/index.php?rest_route=\/wp\/v2\/pages\/28\/revisions"}],"predecessor-version":[{"id":299,"href":"https:\/\/cecane.ufc.br\/index.php?rest_route=\/wp\/v2\/pages\/28\/revisions\/299"}],"wp:attachment":[{"href":"https:\/\/cecane.ufc.br\/index.php?rest_route=%2Fwp%2Fv2%2Fmedia&parent=28"}],"curies":[{"name":"wp","href":"https:\/\/api.w.org\/{rel}","templated":true}]}}